{"id":20,"date":"2022-09-20T11:24:14","date_gmt":"2022-09-20T11:24:14","guid":{"rendered":"https:\/\/www.larticlab.mg\/somader\/home\/"},"modified":"2024-02-23T10:24:00","modified_gmt":"2024-02-23T10:24:00","slug":"home","status":"publish","type":"page","link":"https:\/\/www.larticlab.mg\/somader\/","title":{"rendered":"Home"},"content":{"rendered":"\n\n\n\n\n\n\n\n\n\n<h2>Bienvenue !<\/h2>\n<p style=\"text-align: left\">Sur le site web d&rsquo;information de la Soci\u00e9t\u00e9 Malgache de Dermatologie&nbsp;<\/p>\n<p style=\"text-align: left\">La Somader a \u00e9t\u00e9 fond\u00e9e en 2001 par l&rsquo;\u00e9quipe du Service de Dermatologie du CHU- Joseph Raseta Befelatanana Antananarivo dirig\u00e9e par le Prof. Rapelanoro Rabenja, Dermatologue.<\/p>\n\n\n\n\n<p>Consultation des malades souffrant de probl\u00e8me de peau \u00e0 l&rsquo;occasion des programmes de consultation de proximit\u00e9 \u00e0 l&rsquo;aide d&rsquo;une descente sur terrain dans les zones \u00e9loign\u00e9es.<\/p>\n\n\n<p>Recherches cliniques et \u00e9pid\u00e9mio-cliniques en partenariat avec les Laboratoires de recherche et d&rsquo;autres partenaires nationaux et internationaux.<\/p>\n\n\n<p>Encadrement des \u00e9tudiants, jeunes m\u00e9decins et futurs sp\u00e9cialistes en Dermatologie.&nbsp;<\/p>\n\n\n\n\n<h2>Les Evenements<\/h2>\n\n\n\n\n<!-- {\"attr\":{\"align\":\"left\",\"group_layout\":\"pagelayer-btn-grp-horizontal\",\"icon_spacing\":\"3\",\"icon_size\":\"18\",\"color_scheme\":\"\",\"icon_color\":\"#fcfcfcff\",\"social_hover_delay\":\"400\",\"icon_color_hover\":\"#ffffff\",\"bg_shape\":\"pagelayer-social-shape-square\",\"bg_size\":\"10\",\"icon_bg_color\":\"#595d8fff\",\"icon_bg_color_hover\":\"#ff5b4fff\",\"ele_padding\":\"0px,0px,0px,12px\",\"ele_margin\":\"-66px,0px,0px,0px\",\"social_hover\":\"hover\"},\"tmp\":{}} -->\n<style pagelayer-style-id=\"1qd7095\">.p-1qd7095 i{height:1em; width:1em; position: absolute; top: 50%; left: 50%; transform: translate(-50% , -50%)}\n.p-1qd7095 .pagelayer-icon-holder{position: relative; min-height: 1em; min-width: 1em;padding: calc(0.5em + 10px);font-size: 18px;background-color: #595d8f !important;-webkit-transition: all 400ms; transition: all 400ms}\n.p-1qd7095{text-align: left;margin-top: -66px; margin-right: 0px; margin-bottom: 0px; margin-left: 0px;padding-top: 0px; padding-right: 0px; padding-bottom: 0px; padding-left: 12px}\n.p-1qd7095 > div{display: inline-block}\n.p-1qd7095 .pagelayer-social{padding: 3px}\n.p-1qd7095 .pagelayer-social-fa{font-size: 18px;color: #fcfcfc !important;-webkit-transition: all 400ms; transition: all 400ms}\n.p-1qd7095 .pagelayer-icon-holder:hover .pagelayer-social-fa{color: #ffffff !important}\n.p-1qd7095 .pagelayer-icon-holder:hover{background-color: #ff5b4f !important}\n<\/style><style pagelayer-style-id=\"1qd7095\">.p-1qd7095 i{height:1em; width:1em; position: absolute; top: 50%; left: 50%; transform: translate(-50% , -50%);}\n.p-1qd7095 .pagelayer-icon-holder{position: relative; min-height: 1em; min-width: 1em;}\n.p-1qd7095 .pagelayer-icon-holder{padding: calc(0.5em + 10px);}\n.p-1qd7095{text-align: left}\n.p-1qd7095 > div{display: inline-block;}\n.p-1qd7095 .pagelayer-social{padding: 3px;}\n.p-1qd7095 .pagelayer-social-fa{font-size: 18px;}\n.p-1qd7095 .pagelayer-icon-holder{font-size: 18px;}\n.p-1qd7095 .pagelayer-social-fa{color: #fcfcfc !important;}\n.p-1qd7095 .pagelayer-icon-holder{background-color: #595d8f !important;}\n.p-1qd7095 .pagelayer-icon-holder:hover .pagelayer-social-fa{color: #ffffff !important;}\n.p-1qd7095 .pagelayer-icon-holder:hover{background-color: #ff5b4f !important;}\n.p-1qd7095 .pagelayer-icon-holder{-webkit-transition: all 400ms; transition: all 400ms;}\n.p-1qd7095 .pagelayer-social-fa{-webkit-transition: all 400ms; transition: all 400ms;}\n.p-1qd7095{margin-top: -66px; margin-right: 0px; margin-bottom: 0px; margin-left: 0px}\n.p-1qd7095{padding-top: 0px; padding-right: 0px; padding-bottom: 0px; padding-left: 12px}<\/style><!--{\"attr\":{\"align\":\"left\",\"group_layout\":\"pagelayer-btn-grp-horizontal\",\"icon_spacing\":\"3\",\"icon_size\":\"18\",\"color_scheme\":\"\",\"icon_color\":\"#fcfcfcff\",\"social_hover_delay\":\"400\",\"icon_color_hover\":\"#ffffff\",\"bg_shape\":\"pagelayer-social-shape-square\",\"bg_size\":\"10\",\"icon_bg_color\":\"#595d8fff\",\"icon_bg_color_hover\":\"#ff5b4fff\",\"ele_padding\":\"0px,0px,0px,12px\",\"ele_margin\":\"-66px,0px,0px,0px\",\"social_hover\":\"hover\"},\"tmp\":{}}-->\n<!-- {\"attr\":{\"align\":\"left\",\"group_layout\":\"pagelayer-btn-grp-horizontal\",\"icon_spacing\":\"3\",\"icon_size\":\"18\",\"color_scheme\":\"\",\"icon_color\":\"#fcfcfcff\",\"social_hover_delay\":\"400\",\"icon_color_hover\":\"#ffffff\",\"bg_shape\":\"pagelayer-social-shape-square\",\"bg_size\":\"10\",\"icon_bg_color\":\"#595d8fff\",\"icon_bg_color_hover\":\"#ff5b4fff\",\"ele_padding\":\"0px,0px,0px,12px\",\"ele_margin\":\"-66px,0px,0px,0px\",\"social_hover\":\"hover\"},\"tmp\":{}} -->\n<!-- {\"attr\":{\"align\":\"left\",\"group_layout\":\"pagelayer-btn-grp-horizontal\",\"icon_spacing\":\"3\",\"icon_size\":\"18\",\"color_scheme\":\"\",\"icon_color\":\"#fcfcfcff\",\"social_hover_delay\":\"400\",\"icon_color_hover\":\"#ffffff\",\"bg_shape\":\"pagelayer-social-shape-square\",\"bg_size\":\"10\",\"icon_bg_color\":\"#595d8fff\",\"icon_bg_color_hover\":\"#ff5b4fff\",\"ele_padding\":\"0px,0px,0px,12px\",\"ele_margin\":\"-66px,0px,0px,0px\",\"social_hover\":\"hover\"},\"tmp\":{}} -->\n<!-- {\"attr\":{\"align\":\"left\",\"group_layout\":\"pagelayer-btn-grp-horizontal\",\"icon_spacing\":\"3\",\"icon_size\":\"18\",\"color_scheme\":\"\",\"icon_color\":\"#fcfcfcff\",\"social_hover_delay\":\"400\",\"icon_color_hover\":\"#ffffff\",\"bg_shape\":\"pagelayer-social-shape-square\",\"bg_size\":\"10\",\"icon_bg_color\":\"#595d8fff\",\"icon_bg_color_hover\":\"#ff5b4fff\",\"ele_padding\":\"0px,0px,0px,12px\",\"ele_margin\":\"-66px,0px,0px,0px\",\"social_hover\":\"hover\"},\"tmp\":{}} -->\n<!-- {\"attr\":{\"align\":\"left\",\"group_layout\":\"pagelayer-btn-grp-horizontal\",\"icon_spacing\":\"3\",\"icon_size\":\"18\",\"color_scheme\":\"\",\"icon_color\":\"#fcfcfcff\",\"social_hover_delay\":\"400\",\"icon_color_hover\":\"#ffffff\",\"bg_shape\":\"pagelayer-social-shape-square\",\"bg_size\":\"10\",\"icon_bg_color\":\"#595d8fff\",\"icon_bg_color_hover\":\"#ff5b4fff\",\"ele_padding\":\"0px,0px,0px,12px\",\"ele_margin\":\"-66px,0px,0px,0px\",\"social_hover\":\"hover\"},\"tmp\":{}} -->\n<!-- {\"attr\":{\"align\":\"left\",\"group_layout\":\"pagelayer-btn-grp-horizontal\",\"icon_spacing\":\"3\",\"icon_size\":\"18\",\"color_scheme\":\"\",\"icon_color\":\"#fcfcfcff\",\"social_hover_delay\":\"400\",\"icon_color_hover\":\"#ffffff\",\"bg_shape\":\"pagelayer-social-shape-square\",\"bg_size\":\"10\",\"icon_bg_color\":\"#595d8fff\",\"icon_bg_color_hover\":\"#ff5b4fff\",\"ele_padding\":\"0px,0px,0px,12px\",\"ele_margin\":\"-66px,0px,0px,0px\",\"social_hover\":\"hover\"},\"tmp\":{}} -->\n<!-- {\"attr\":{\"align\":\"left\",\"group_layout\":\"pagelayer-btn-grp-horizontal\",\"icon_spacing\":\"3\",\"icon_size\":\"18\",\"color_scheme\":\"\",\"icon_color\":\"#fcfcfcff\",\"social_hover_delay\":\"400\",\"icon_color_hover\":\"#ffffff\",\"bg_shape\":\"pagelayer-social-shape-square\",\"bg_size\":\"10\",\"icon_bg_color\":\"#595d8fff\",\"icon_bg_color_hover\":\"#ff5b4fff\",\"ele_padding\":\"0px,0px,0px,12px\",\"ele_margin\":\"-66px,0px,0px,0px\",\"social_hover\":\"hover\"},\"tmp\":{}} -->\n<!--{\"attr\":{\"align\":\"left\",\"group_layout\":\"pagelayer-btn-grp-horizontal\",\"icon_spacing\":\"3\",\"icon_size\":\"18\",\"color_scheme\":\"\",\"icon_color\":\"#fcfcfcff\",\"social_hover_delay\":\"400\",\"icon_color_hover\":\"#ffffff\",\"bg_shape\":\"pagelayer-social-shape-square\",\"bg_size\":\"10\",\"icon_bg_color\":\"#595d8fff\",\"icon_bg_color_hover\":\"#ff5b4fff\",\"ele_padding\":\"0px,0px,0px,12px\",\"ele_margin\":\"-66px,0px,0px,0px\",\"social_hover\":\"hover\"},\"tmp\":{}}-->\n\n<p>Prochain \u00e9v\u00e8nement organis\u00e9 par la SOMADER, les 22 et 23 mai 2024 \u00e0 Toamasina Madagascar<\/p><p>Lien:&nbsp;https:\/\/linko.page\/s3g3csira206parten<\/p>\n\n\n\n\n\n\n\n\n<p>organis\u00e9 par la SOMADER en 2023 \u00e0 Antananarivo Madagascar<\/p>\n<!-- {\"attr\":{\"align\":\"left\",\"group_layout\":\"pagelayer-btn-grp-horizontal\",\"icon_spacing\":\"3\",\"icon_size\":\"18\",\"color_scheme\":\"\",\"icon_color\":\"#fcfcfcff\",\"social_hover_delay\":\"400\",\"icon_color_hover\":\"#ffffff\",\"bg_shape\":\"pagelayer-social-shape-square\",\"bg_size\":\"10\",\"icon_bg_color\":\"#595d8fff\",\"icon_bg_color_hover\":\"#ff5b4fff\",\"ele_padding\":\"0px,0px,0px,12px\",\"ele_margin\":\"-66px,0px,0px,0px\",\"social_hover\":\"hover\"},\"tmp\":{}} -->\n<style pagelayer-style-id=\"6ul9497\">.p-6ul9497 i{height:1em; width:1em; position: absolute; top: 50%; left: 50%; transform: translate(-50% , -50%)}\n.p-6ul9497 .pagelayer-icon-holder{position: relative; min-height: 1em; min-width: 1em;padding: calc(0.5em + 10px);font-size: 18px;background-color: #595d8f !important;-webkit-transition: all 400ms; transition: all 400ms}\n.p-6ul9497{text-align: left;margin-top: -66px; margin-right: 0px; margin-bottom: 0px; margin-left: 0px;padding-top: 0px; padding-right: 0px; padding-bottom: 0px; padding-left: 12px}\n.p-6ul9497 > div{display: inline-block}\n.p-6ul9497 .pagelayer-social{padding: 3px}\n.p-6ul9497 .pagelayer-social-fa{font-size: 18px;color: #fcfcfc !important;-webkit-transition: all 400ms; transition: all 400ms}\n.p-6ul9497 .pagelayer-icon-holder:hover .pagelayer-social-fa{color: #ffffff !important}\n.p-6ul9497 .pagelayer-icon-holder:hover{background-color: #ff5b4f !important}\n<\/style><style pagelayer-style-id=\"6ul9497\">.p-6ul9497 i{height:1em; width:1em; position: absolute; top: 50%; left: 50%; transform: translate(-50% , -50%);}\n.p-6ul9497 .pagelayer-icon-holder{position: relative; min-height: 1em; min-width: 1em;}\n.p-6ul9497 .pagelayer-icon-holder{padding: calc(0.5em + 10px);}\n.p-6ul9497{text-align: left}\n.p-6ul9497 > div{display: inline-block;}\n.p-6ul9497 .pagelayer-social{padding: 3px;}\n.p-6ul9497 .pagelayer-social-fa{font-size: 18px;}\n.p-6ul9497 .pagelayer-icon-holder{font-size: 18px;}\n.p-6ul9497 .pagelayer-social-fa{color: #fcfcfc !important;}\n.p-6ul9497 .pagelayer-icon-holder{background-color: #595d8f !important;}\n.p-6ul9497 .pagelayer-icon-holder:hover .pagelayer-social-fa{color: #ffffff !important;}\n.p-6ul9497 .pagelayer-icon-holder:hover{background-color: #ff5b4f !important;}\n.p-6ul9497 .pagelayer-icon-holder{-webkit-transition: all 400ms; transition: all 400ms;}\n.p-6ul9497 .pagelayer-social-fa{-webkit-transition: all 400ms; transition: all 400ms;}\n.p-6ul9497{margin-top: -66px; margin-right: 0px; margin-bottom: 0px; margin-left: 0px}\n.p-6ul9497{padding-top: 0px; padding-right: 0px; padding-bottom: 0px; padding-left: 12px}<\/style><!--{\"attr\":{\"align\":\"left\",\"group_layout\":\"pagelayer-btn-grp-horizontal\",\"icon_spacing\":\"3\",\"icon_size\":\"18\",\"color_scheme\":\"\",\"icon_color\":\"#fcfcfcff\",\"social_hover_delay\":\"400\",\"icon_color_hover\":\"#ffffff\",\"bg_shape\":\"pagelayer-social-shape-square\",\"bg_size\":\"10\",\"icon_bg_color\":\"#595d8fff\",\"icon_bg_color_hover\":\"#ff5b4fff\",\"ele_padding\":\"0px,0px,0px,12px\",\"ele_margin\":\"-66px,0px,0px,0px\",\"social_hover\":\"hover\"},\"tmp\":{}}-->\n<!-- {\"attr\":{\"align\":\"left\",\"group_layout\":\"pagelayer-btn-grp-horizontal\",\"icon_spacing\":\"3\",\"icon_size\":\"18\",\"color_scheme\":\"\",\"icon_color\":\"#fcfcfcff\",\"social_hover_delay\":\"400\",\"icon_color_hover\":\"#ffffff\",\"bg_shape\":\"pagelayer-social-shape-square\",\"bg_size\":\"10\",\"icon_bg_color\":\"#595d8fff\",\"icon_bg_color_hover\":\"#ff5b4fff\",\"ele_padding\":\"0px,0px,0px,12px\",\"ele_margin\":\"-66px,0px,0px,0px\",\"social_hover\":\"hover\"},\"tmp\":{}} -->\n<!-- {\"attr\":{\"align\":\"left\",\"group_layout\":\"pagelayer-btn-grp-horizontal\",\"icon_spacing\":\"3\",\"icon_size\":\"18\",\"color_scheme\":\"\",\"icon_color\":\"#fcfcfcff\",\"social_hover_delay\":\"400\",\"icon_color_hover\":\"#ffffff\",\"bg_shape\":\"pagelayer-social-shape-square\",\"bg_size\":\"10\",\"icon_bg_color\":\"#595d8fff\",\"icon_bg_color_hover\":\"#ff5b4fff\",\"ele_padding\":\"0px,0px,0px,12px\",\"ele_margin\":\"-66px,0px,0px,0px\",\"social_hover\":\"hover\"},\"tmp\":{}} -->\n<!-- {\"attr\":{\"align\":\"left\",\"group_layout\":\"pagelayer-btn-grp-horizontal\",\"icon_spacing\":\"3\",\"icon_size\":\"18\",\"color_scheme\":\"\",\"icon_color\":\"#fcfcfcff\",\"social_hover_delay\":\"400\",\"icon_color_hover\":\"#ffffff\",\"bg_shape\":\"pagelayer-social-shape-square\",\"bg_size\":\"10\",\"icon_bg_color\":\"#595d8fff\",\"icon_bg_color_hover\":\"#ff5b4fff\",\"ele_padding\":\"0px,0px,0px,12px\",\"ele_margin\":\"-66px,0px,0px,0px\",\"social_hover\":\"hover\"},\"tmp\":{}} -->\n<!-- {\"attr\":{\"align\":\"left\",\"group_layout\":\"pagelayer-btn-grp-horizontal\",\"icon_spacing\":\"3\",\"icon_size\":\"18\",\"color_scheme\":\"\",\"icon_color\":\"#fcfcfcff\",\"social_hover_delay\":\"400\",\"icon_color_hover\":\"#ffffff\",\"bg_shape\":\"pagelayer-social-shape-square\",\"bg_size\":\"10\",\"icon_bg_color\":\"#595d8fff\",\"icon_bg_color_hover\":\"#ff5b4fff\",\"ele_padding\":\"0px,0px,0px,12px\",\"ele_margin\":\"-66px,0px,0px,0px\",\"social_hover\":\"hover\"},\"tmp\":{}} -->\n<!-- {\"attr\":{\"align\":\"left\",\"group_layout\":\"pagelayer-btn-grp-horizontal\",\"icon_spacing\":\"3\",\"icon_size\":\"18\",\"color_scheme\":\"\",\"icon_color\":\"#fcfcfcff\",\"social_hover_delay\":\"400\",\"icon_color_hover\":\"#ffffff\",\"bg_shape\":\"pagelayer-social-shape-square\",\"bg_size\":\"10\",\"icon_bg_color\":\"#595d8fff\",\"icon_bg_color_hover\":\"#ff5b4fff\",\"ele_padding\":\"0px,0px,0px,12px\",\"ele_margin\":\"-66px,0px,0px,0px\",\"social_hover\":\"hover\"},\"tmp\":{}} -->\n<!-- {\"attr\":{\"align\":\"left\",\"group_layout\":\"pagelayer-btn-grp-horizontal\",\"icon_spacing\":\"3\",\"icon_size\":\"18\",\"color_scheme\":\"\",\"icon_color\":\"#fcfcfcff\",\"social_hover_delay\":\"400\",\"icon_color_hover\":\"#ffffff\",\"bg_shape\":\"pagelayer-social-shape-square\",\"bg_size\":\"10\",\"icon_bg_color\":\"#595d8fff\",\"icon_bg_color_hover\":\"#ff5b4fff\",\"ele_padding\":\"0px,0px,0px,12px\",\"ele_margin\":\"-66px,0px,0px,0px\",\"social_hover\":\"hover\"},\"tmp\":{}} -->\n<!--{\"attr\":{\"align\":\"left\",\"group_layout\":\"pagelayer-btn-grp-horizontal\",\"icon_spacing\":\"3\",\"icon_size\":\"18\",\"color_scheme\":\"\",\"icon_color\":\"#fcfcfcff\",\"social_hover_delay\":\"400\",\"icon_color_hover\":\"#ffffff\",\"bg_shape\":\"pagelayer-social-shape-square\",\"bg_size\":\"10\",\"icon_bg_color\":\"#595d8fff\",\"icon_bg_color_hover\":\"#ff5b4fff\",\"ele_padding\":\"0px,0px,0px,12px\",\"ele_margin\":\"-66px,0px,0px,0px\",\"social_hover\":\"hover\"},\"tmp\":{}}-->\n\n\n\n<p>Paris, Novembre 2023<\/p>\n<!-- {\"attr\":{\"align\":\"left\",\"group_layout\":\"pagelayer-btn-grp-horizontal\",\"icon_spacing\":\"3\",\"icon_size\":\"18\",\"color_scheme\":\"\",\"icon_color\":\"#fcfcfcff\",\"social_hover_delay\":\"400\",\"icon_color_hover\":\"#ffffff\",\"bg_shape\":\"pagelayer-social-shape-square\",\"bg_size\":\"10\",\"icon_bg_color\":\"#595d8fff\",\"icon_bg_color_hover\":\"#ff5b4fff\",\"ele_padding\":\"0px,0px,0px,12px\",\"ele_margin\":\"-66px,0px,0px,0px\",\"social_hover\":\"hover\"},\"tmp\":{}} -->\n<style pagelayer-style-id=\"t3w8204\">.p-t3w8204 i{height:1em; width:1em; position: absolute; top: 50%; left: 50%; transform: translate(-50% , -50%)}\n.p-t3w8204 .pagelayer-icon-holder{position: relative; min-height: 1em; min-width: 1em;padding: calc(0.5em + 10px);font-size: 18px;background-color: #595d8f !important;-webkit-transition: all 400ms; transition: all 400ms}\n.p-t3w8204{text-align: left;margin-top: -66px; margin-right: 0px; margin-bottom: 0px; margin-left: 0px;padding-top: 0px; padding-right: 0px; padding-bottom: 0px; padding-left: 12px}\n.p-t3w8204 > div{display: inline-block}\n.p-t3w8204 .pagelayer-social{padding: 3px}\n.p-t3w8204 .pagelayer-social-fa{font-size: 18px;color: #fcfcfc !important;-webkit-transition: all 400ms; transition: all 400ms}\n.p-t3w8204 .pagelayer-icon-holder:hover .pagelayer-social-fa{color: #ffffff !important}\n.p-t3w8204 .pagelayer-icon-holder:hover{background-color: #ff5b4f !important}\n<\/style><style pagelayer-style-id=\"t3w8204\">.p-t3w8204 i{height:1em; width:1em; position: absolute; top: 50%; left: 50%; transform: translate(-50% , -50%);}\n.p-t3w8204 .pagelayer-icon-holder{position: relative; min-height: 1em; min-width: 1em;}\n.p-t3w8204 .pagelayer-icon-holder{padding: calc(0.5em + 10px);}\n.p-t3w8204{text-align: left}\n.p-t3w8204 > div{display: inline-block;}\n.p-t3w8204 .pagelayer-social{padding: 3px;}\n.p-t3w8204 .pagelayer-social-fa{font-size: 18px;}\n.p-t3w8204 .pagelayer-icon-holder{font-size: 18px;}\n.p-t3w8204 .pagelayer-social-fa{color: #fcfcfc !important;}\n.p-t3w8204 .pagelayer-icon-holder{background-color: #595d8f !important;}\n.p-t3w8204 .pagelayer-icon-holder:hover .pagelayer-social-fa{color: #ffffff !important;}\n.p-t3w8204 .pagelayer-icon-holder:hover{background-color: #ff5b4f !important;}\n.p-t3w8204 .pagelayer-icon-holder{-webkit-transition: all 400ms; transition: all 400ms;}\n.p-t3w8204 .pagelayer-social-fa{-webkit-transition: all 400ms; transition: all 400ms;}\n.p-t3w8204{margin-top: -66px; margin-right: 0px; margin-bottom: 0px; margin-left: 0px}\n.p-t3w8204{padding-top: 0px; padding-right: 0px; padding-bottom: 0px; padding-left: 12px}<\/style><!--{\"attr\":{\"align\":\"left\",\"group_layout\":\"pagelayer-btn-grp-horizontal\",\"icon_spacing\":\"3\",\"icon_size\":\"18\",\"color_scheme\":\"\",\"icon_color\":\"#fcfcfcff\",\"social_hover_delay\":\"400\",\"icon_color_hover\":\"#ffffff\",\"bg_shape\":\"pagelayer-social-shape-square\",\"bg_size\":\"10\",\"icon_bg_color\":\"#595d8fff\",\"icon_bg_color_hover\":\"#ff5b4fff\",\"ele_padding\":\"0px,0px,0px,12px\",\"ele_margin\":\"-66px,0px,0px,0px\",\"social_hover\":\"hover\"},\"tmp\":{}}-->\n<!-- {\"attr\":{\"align\":\"left\",\"group_layout\":\"pagelayer-btn-grp-horizontal\",\"icon_spacing\":\"3\",\"icon_size\":\"18\",\"color_scheme\":\"\",\"icon_color\":\"#fcfcfcff\",\"social_hover_delay\":\"400\",\"icon_color_hover\":\"#ffffff\",\"bg_shape\":\"pagelayer-social-shape-square\",\"bg_size\":\"10\",\"icon_bg_color\":\"#595d8fff\",\"icon_bg_color_hover\":\"#ff5b4fff\",\"ele_padding\":\"0px,0px,0px,12px\",\"ele_margin\":\"-66px,0px,0px,0px\",\"social_hover\":\"hover\"},\"tmp\":{}} -->\n<!-- {\"attr\":{\"align\":\"left\",\"group_layout\":\"pagelayer-btn-grp-horizontal\",\"icon_spacing\":\"3\",\"icon_size\":\"18\",\"color_scheme\":\"\",\"icon_color\":\"#fcfcfcff\",\"social_hover_delay\":\"400\",\"icon_color_hover\":\"#ffffff\",\"bg_shape\":\"pagelayer-social-shape-square\",\"bg_size\":\"10\",\"icon_bg_color\":\"#595d8fff\",\"icon_bg_color_hover\":\"#ff5b4fff\",\"ele_padding\":\"0px,0px,0px,12px\",\"ele_margin\":\"-66px,0px,0px,0px\",\"social_hover\":\"hover\"},\"tmp\":{}} -->\n<!-- {\"attr\":{\"align\":\"left\",\"group_layout\":\"pagelayer-btn-grp-horizontal\",\"icon_spacing\":\"3\",\"icon_size\":\"18\",\"color_scheme\":\"\",\"icon_color\":\"#fcfcfcff\",\"social_hover_delay\":\"400\",\"icon_color_hover\":\"#ffffff\",\"bg_shape\":\"pagelayer-social-shape-square\",\"bg_size\":\"10\",\"icon_bg_color\":\"#595d8fff\",\"icon_bg_color_hover\":\"#ff5b4fff\",\"ele_padding\":\"0px,0px,0px,12px\",\"ele_margin\":\"-66px,0px,0px,0px\",\"social_hover\":\"hover\"},\"tmp\":{}} -->\n<!-- {\"attr\":{\"align\":\"left\",\"group_layout\":\"pagelayer-btn-grp-horizontal\",\"icon_spacing\":\"3\",\"icon_size\":\"18\",\"color_scheme\":\"\",\"icon_color\":\"#fcfcfcff\",\"social_hover_delay\":\"400\",\"icon_color_hover\":\"#ffffff\",\"bg_shape\":\"pagelayer-social-shape-square\",\"bg_size\":\"10\",\"icon_bg_color\":\"#595d8fff\",\"icon_bg_color_hover\":\"#ff5b4fff\",\"ele_padding\":\"0px,0px,0px,12px\",\"ele_margin\":\"-66px,0px,0px,0px\",\"social_hover\":\"hover\"},\"tmp\":{}} -->\n<!-- {\"attr\":{\"align\":\"left\",\"group_layout\":\"pagelayer-btn-grp-horizontal\",\"icon_spacing\":\"3\",\"icon_size\":\"18\",\"color_scheme\":\"\",\"icon_color\":\"#fcfcfcff\",\"social_hover_delay\":\"400\",\"icon_color_hover\":\"#ffffff\",\"bg_shape\":\"pagelayer-social-shape-square\",\"bg_size\":\"10\",\"icon_bg_color\":\"#595d8fff\",\"icon_bg_color_hover\":\"#ff5b4fff\",\"ele_padding\":\"0px,0px,0px,12px\",\"ele_margin\":\"-66px,0px,0px,0px\",\"social_hover\":\"hover\"},\"tmp\":{}} -->\n<!-- {\"attr\":{\"align\":\"left\",\"group_layout\":\"pagelayer-btn-grp-horizontal\",\"icon_spacing\":\"3\",\"icon_size\":\"18\",\"color_scheme\":\"\",\"icon_color\":\"#fcfcfcff\",\"social_hover_delay\":\"400\",\"icon_color_hover\":\"#ffffff\",\"bg_shape\":\"pagelayer-social-shape-square\",\"bg_size\":\"10\",\"icon_bg_color\":\"#595d8fff\",\"icon_bg_color_hover\":\"#ff5b4fff\",\"ele_padding\":\"0px,0px,0px,12px\",\"ele_margin\":\"-66px,0px,0px,0px\",\"social_hover\":\"hover\"},\"tmp\":{}} -->\n<!--{\"attr\":{\"align\":\"left\",\"group_layout\":\"pagelayer-btn-grp-horizontal\",\"icon_spacing\":\"3\",\"icon_size\":\"18\",\"color_scheme\":\"\",\"icon_color\":\"#fcfcfcff\",\"social_hover_delay\":\"400\",\"icon_color_hover\":\"#ffffff\",\"bg_shape\":\"pagelayer-social-shape-square\",\"bg_size\":\"10\",\"icon_bg_color\":\"#595d8fff\",\"icon_bg_color_hover\":\"#ff5b4fff\",\"ele_padding\":\"0px,0px,0px,12px\",\"ele_margin\":\"-66px,0px,0px,0px\",\"social_hover\":\"hover\"},\"tmp\":{}}-->\n\n\n\n\n\n<h5>Le Projet multi-pays<\/h5>\n<h2>PASSION Dermatology<\/h2>\n\n\n\n\n\n\n\n\n\n<h5>Le Laboratoire LARTIC<\/h5>\n<h2>Laboratoire d&rsquo;Accueil et de Recherche en TIC<\/h2>\n\n\n\n\n\n\n\n\n\n\n\n\n<h5>Le Laboratoire CICM MADAGASCAR<\/h5>\n<h2>Centre d&rsquo;Infectiologie Charles M\u00e9rieux<\/h2>\n\n\n\n","protected":false},"excerpt":{"rendered":"","protected":false},"author":0,"featured_media":0,"parent":0,"menu_order":0,"comment_status":"closed","ping_status":"closed","template":"","meta":{"pagelayer_contact_templates":[],"_pagelayer_content":"","footnotes":""},"class_list":["post-20","page","type-page","status-publish","hentry"],"_links":{"self":[{"href":"https:\/\/www.larticlab.mg\/somader\/wp-json\/wp\/v2\/pages\/20","targetHints":{"allow":["GET"]}}],"collection":[{"href":"https:\/\/www.larticlab.mg\/somader\/wp-json\/wp\/v2\/pages"}],"about":[{"href":"https:\/\/www.larticlab.mg\/somader\/wp-json\/wp\/v2\/types\/page"}],"replies":[{"embeddable":true,"href":"https:\/\/www.larticlab.mg\/somader\/wp-json\/wp\/v2\/comments?post=20"}],"version-history":[{"count":38,"href":"https:\/\/www.larticlab.mg\/somader\/wp-json\/wp\/v2\/pages\/20\/revisions"}],"predecessor-version":[{"id":145,"href":"https:\/\/www.larticlab.mg\/somader\/wp-json\/wp\/v2\/pages\/20\/revisions\/145"}],"wp:attachment":[{"href":"https:\/\/www.larticlab.mg\/somader\/wp-json\/wp\/v2\/media?parent=20"}],"curies":[{"name":"wp","href":"https:\/\/api.w.org\/{rel}","templated":true}]}}