{"id":20,"date":"2022-04-08T13:52:50","date_gmt":"2022-04-08T13:52:50","guid":{"rendered":"https:\/\/www.larticlab.mg\/web\/services\/"},"modified":"2023-01-14T17:04:05","modified_gmt":"2023-01-14T17:04:05","slug":"services","status":"publish","type":"page","link":"https:\/\/www.larticlab.mg\/web\/services\/","title":{"rendered":"Nos prestations"},"content":{"rendered":"\r\n\r\n\r\n\r\n\r\n\r\n\r\n<h2>Services<\/h2>\r\n\r\n\r\n\r\n\r\n\r\n\r\n\r\n\r\n\r\n\r\n\r\n<p style=\"text-align: justify;\">LARTIC propose un Service de recherche bibliographique et documentaire adress\u00e9 aux chercheurs, \u00e9tudiants en pr\u00e9paration de m\u00e9moire ou th\u00e8se, et toute autre personne d\u00e9sirant obtenir des donn\u00e9es de la litt\u00e9rature scientifique par rapport \u00e0 son propre th\u00e8me de recherche.<\/p>\r\n\r\n\r\n\r\n\r\n\r\n<p style=\"text-align: justify;\">LARTIC propose un Service de traitement de donn\u00e9es et d&rsquo;analyse statistique adress\u00e9 aux \u00e9tudiants en pr\u00e9paration de m\u00e9moire ou th\u00e8se, aux chercheurs, et toute autre personne d\u00e9sirant un appui \u00e0 l&rsquo;analyse simple ou approfondie de ses donn\u00e9es. <\/p>\r\n\r\n\r\n\r\n\r\n\r\n\r\n\r\n<p style=\"text-align: justify;\">Des travaux de consultance pour la conduite de projets d&rsquo;envergure national ou internationale d&rsquo;informatique m\u00e9dicale et de sant\u00e9 et \u00e9galement des projets TICEs et de Sant\u00e9 Publique.<\/p>\r\n\r\n\r\n\r\n\r\n\r\n<p style=\"text-align: justify;\">Projets de recherche doctorales sur l&rsquo;application de l&rsquo;intelligence artificielle en Sant\u00e9\/M\u00e9decine et Projets de Recherches op\u00e9rationnelles en sant\u00e9 publique sp\u00e9cialis\u00e9es dans le domaine de l&rsquo;informatique m\u00e9dicale\/Sant\u00e9 et TICE.<\/p>\r\n\r\n\r\n\r\n\r\n\r\n<p>Accueil de la formation transversale dans le cadre du Partenariat avec l&rsquo;ED STII &#8211; EAD RIMSS pour le volet informatique m\u00e9dicale.<\/p>\r\n\r\n\r\n\r\n\r\n\r\n\r\n\r\n<h2>Quelques produits de Recherche<\/h2>\r\n\r\n\r\n\r\n\r\n\r\n\r\n\r\n\r\n\r\n<h6>25 Jun 13:00 &#8211; 15:00<\/h6>\r\n\r\n\r\n\r\n<h6>R\u00e9seau de soins et de prise en charge de la Dr\u00e9panocytose \u00e0 Madagascar<\/h6>\r\n\r\n\r\n\r\n\r\n\r\n\r\n\r\n\r\n\r\n<h6>25 Jun 13:00 &#8211; 15:00<\/h6>\r\n\r\n\r\n\r\n<h6>Plateforme num\u00e9rique de collaboration pour les M\u00e9decins r\u00e9f\u00e9rents du VIH-Sida \u00e0 Madagascar<\/h6>\r\n\r\n\r\n\r\n\r\n\r\n\r\n\r\n\r\n\r\n<h6>25 Jun 13:00 &#8211; 15:00<\/h6>\r\n\r\n\r\n\r\n<h6>Environnement Num\u00e9rique de Travail en faveur des Enseignants, Etudiants et Personnel de la Facult\u00e9 de M\u00e9decine Antananarivo<\/h6>\r\n\r\n\r\n\r\n<p>&nbsp;<\/p>","protected":false},"excerpt":{"rendered":"<p>&nbsp;<\/p>\n","protected":false},"author":1,"featured_media":0,"parent":0,"menu_order":0,"comment_status":"closed","ping_status":"closed","template":"","meta":{"pagelayer_contact_templates":[],"_pagelayer_content":"","footnotes":""},"class_list":["post-20","page","type-page","status-publish","hentry"],"_links":{"self":[{"href":"https:\/\/www.larticlab.mg\/web\/wp-json\/wp\/v2\/pages\/20","targetHints":{"allow":["GET"]}}],"collection":[{"href":"https:\/\/www.larticlab.mg\/web\/wp-json\/wp\/v2\/pages"}],"about":[{"href":"https:\/\/www.larticlab.mg\/web\/wp-json\/wp\/v2\/types\/page"}],"author":[{"embeddable":true,"href":"https:\/\/www.larticlab.mg\/web\/wp-json\/wp\/v2\/users\/1"}],"replies":[{"embeddable":true,"href":"https:\/\/www.larticlab.mg\/web\/wp-json\/wp\/v2\/comments?post=20"}],"version-history":[{"count":13,"href":"https:\/\/www.larticlab.mg\/web\/wp-json\/wp\/v2\/pages\/20\/revisions"}],"predecessor-version":[{"id":894,"href":"https:\/\/www.larticlab.mg\/web\/wp-json\/wp\/v2\/pages\/20\/revisions\/894"}],"wp:attachment":[{"href":"https:\/\/www.larticlab.mg\/web\/wp-json\/wp\/v2\/media?parent=20"}],"curies":[{"name":"wp","href":"https:\/\/api.w.org\/{rel}","templated":true}]}}