{"id":871,"date":"2023-01-13T07:58:43","date_gmt":"2023-01-13T07:58:43","guid":{"rendered":"https:\/\/www.larticlab.mg\/web\/?page_id=871"},"modified":"2023-01-13T09:26:55","modified_gmt":"2023-01-13T09:26:55","slug":"bibliographie","status":"publish","type":"page","link":"https:\/\/www.larticlab.mg\/web\/bibliographie\/","title":{"rendered":"Bibliographie"},"content":{"rendered":"\n\n\n<p>Pour d\u00e9poser une demande de recherche bibliographique et documentaire en ligne, veuillez remplir les champs du formulaire ci-dessous. L&rsquo;\u00e9quipe de recherche au sein du Laboratoire LARTIC vous contactera ensuite par email pour les d\u00e9marches administratives \u00e0 suivre. C&rsquo;est pour cette raison que nous vous demandons de bien v\u00e9rifier votre adresse email avant de soumettre votre demande.<br><\/p>\n<p>Les documents fournis peuvent-\u00eatre des articles originaux, articles de revue, mini revue, th\u00e8se et\/ou m\u00e9moire, correspondance, rapports &amp; recommandations, short communication &amp; conference abstracts. Ils peuvent-\u00eatre en langue fran\u00e7aise et\/ou anglaise.<\/p>\n<p>Nombre de documents primaires fournis: 20 \u00e0 50<br><\/p>\n\n\n\n\n<div class=\"everest-forms\"><div class=\"evf-container default\" id=\"evf-869\"><form id=\"evf-form-869\" class=\"everest-form\" data-formid=\"869\" data-ajax_submission=\"0\" data-keyboard_friendly_form=\"0\" data-form_state_type=\"\" method=\"post\" enctype=\"multipart\/form-data\" action=\"\/web\/wp-json\/wp\/v2\/pages\/871\"><div class=\"evf-field-container\"><input type=\"hidden\" id=\"_wpnonce869\" name=\"_wpnonce869\" value=\"ff3d48d792\" \/><input type=\"hidden\" name=\"_wp_http_referer\" value=\"\/web\/wp-json\/wp\/v2\/pages\/871\" \/><div class=\"evf-frontend-row\" data-row=\"row_1\" conditional_rules=\"[]\"><div class=\"evf-frontend-grid evf-grid-2\" data-grid=\"grid_1\"><div id=\"evf-869-field_f6lafITRxl-1-container\" class=\"evf-field evf-field-last-name form-row validate-required\" data-required-field-message=\"Ce champ est n\u00e9cessaire.\" data-field-id=\"f6lafITRxl-1\"><label class=\"evf-field-label\" for=\"evf-869-field_f6lafITRxl-1\"><span class=\"evf-label\">Nom<\/span> <abbr class=\"required\" title=\"N\u00e9cessaire\">*<\/abbr><\/label><input type=\"text\" id=\"evf-869-field_f6lafITRxl-1\" class=\"input-text\" name=\"everest_forms[form_fields][f6lafITRxl-1]\" required><\/div><\/div><div class=\"evf-frontend-grid evf-grid-2\" data-grid=\"grid_2\"><div id=\"evf-869-field_xwWDi9xqph-2-container\" class=\"evf-field evf-field-first-name form-row\" data-field-id=\"xwWDi9xqph-2\"><label class=\"evf-field-label\" for=\"evf-869-field_xwWDi9xqph-2\"><span class=\"evf-label\">Pr\u00e9nom<\/span> <\/label><input type=\"text\" id=\"evf-869-field_xwWDi9xqph-2\" class=\"input-text\" name=\"everest_forms[form_fields][xwWDi9xqph-2]\" ><\/div><\/div><\/div><div class=\"evf-frontend-row\" data-row=\"row_3\" conditional_rules=\"[]\"><div class=\"evf-frontend-grid evf-grid-2\" data-grid=\"grid_1\"><div id=\"evf-869-field_T1y1xel80j-6-container\" class=\"evf-field evf-field-number form-row\" data-field-id=\"T1y1xel80j-6\"><label class=\"evf-field-label\" for=\"evf-869-field_T1y1xel80j-6\"><span class=\"evf-label\">T\u00e9l\u00e9phone<\/span> <\/label><input type=\"number\" id=\"evf-869-field_T1y1xel80j-6\" class=\"input-text\" name=\"everest_forms[form_fields][T1y1xel80j-6]\" \/><\/div><\/div><div class=\"evf-frontend-grid evf-grid-2\" data-grid=\"grid_2\"><div id=\"evf-869-field_OJQhFJpO0c-7-container\" class=\"evf-field evf-field-email form-row validate-required validate-email\" data-required-field-message=\"Veuillez entrer une adresse e-mail valide.\" data-field-id=\"OJQhFJpO0c-7\"><label class=\"evf-field-label\" for=\"evf-869-field_OJQhFJpO0c-7\"><span class=\"evf-label\">E-mail<\/span> <abbr class=\"required\" title=\"N\u00e9cessaire\">*<\/abbr><\/label><input type=\"email\" id=\"evf-869-field_OJQhFJpO0c-7\" class=\"input-text\" name=\"everest_forms[form_fields][OJQhFJpO0c-7]\" required ><\/div><\/div><\/div><div class=\"evf-frontend-row\" data-row=\"row_4\" conditional_rules=\"[]\"><div class=\"evf-frontend-grid evf-grid-1\" data-grid=\"grid_1\"><div id=\"evf-869-field_RlPUyerq7g-21-container\" class=\"evf-field evf-field-select form-row\" data-field-id=\"RlPUyerq7g-21\"><label class=\"evf-field-label\" for=\"evf-869-field_RlPUyerq7g-21\"><span class=\"evf-label\">RUBRIQUE<\/span> <\/label><select id=\"evf-869-field_RlPUyerq7g-21\" class=\"input-text\" name=\"everest_forms[form_fields][RlPUyerq7g-21]\" ><option value=\"MEDECINE\" >MEDECINE<\/option><option value=\"CHIRURGIE\" >CHIRURGIE<\/option><option value=\"PEDIATRIE\" >PEDIATRIE<\/option><option value=\"SANTE PUBLIQUE\" >SANTE PUBLIQUE<\/option><option value=\"GYNECO-OBSTETRIQUE\" >GYNECO-OBSTETRIQUE<\/option><option value=\"AUTRE\" >AUTRE<\/option><\/select><\/div><\/div><\/div><div class=\"evf-frontend-row\" data-row=\"row_9\" conditional_rules=\"[]\"><div class=\"evf-frontend-grid evf-grid-1\" data-grid=\"grid_1\"><div id=\"evf-869-field_tR932lsWHJ-20-container\" class=\"evf-field evf-field-select form-row validate-required\" data-required-field-message=\"Ce champ est n\u00e9cessaire.\" data-field-id=\"tR932lsWHJ-20\"><label class=\"evf-field-label\" for=\"evf-869-field_tR932lsWHJ-20\"><span class=\"evf-label\">DOMAINE<\/span> <abbr class=\"required\" title=\"N\u00e9cessaire\">*<\/abbr><\/label><select id=\"evf-869-field_tR932lsWHJ-20\" class=\"input-text evf-field-required\" name=\"everest_forms[form_fields][tR932lsWHJ-20]\" required=\"required\" ><option value=\"M\u00e9decine Humaine\" >M\u00e9decine Humaine<\/option><option value=\"M\u00e9decine V\u00e9t\u00e9rinaire\" >M\u00e9decine V\u00e9t\u00e9rinaire<\/option><option value=\"Pharmacie\" >Pharmacie<\/option><option value=\"Sciences Param\u00e9dicales\" >Sciences Param\u00e9dicales<\/option><option value=\"Autre\" >Autre<\/option><\/select><\/div><\/div><\/div><div class=\"evf-frontend-row\" data-row=\"row_5\" conditional_rules=\"[]\"><div class=\"evf-frontend-grid evf-grid-2\" data-grid=\"grid_1\"><div id=\"evf-869-field_T0SNZyluP3-10-container\" class=\"evf-field evf-field-text form-row validate-required\" data-required-field-message=\"Ce champ est n\u00e9cessaire.\" data-field-id=\"T0SNZyluP3-10\"><label class=\"evf-field-label\" for=\"evf-869-field_T0SNZyluP3-10\"><span class=\"evf-label\">Directeur<\/span> <abbr class=\"required\" title=\"N\u00e9cessaire\">*<\/abbr><\/label><input type=\"text\" id=\"evf-869-field_T0SNZyluP3-10\" class=\"input-text\" name=\"everest_forms[form_fields][T0SNZyluP3-10]\" required><\/div><\/div><div class=\"evf-frontend-grid evf-grid-2\" data-grid=\"grid_2\"><div id=\"evf-869-field_zy3cCWow8p-11-container\" class=\"evf-field evf-field-text form-row validate-required\" data-required-field-message=\"Ce champ est n\u00e9cessaire.\" data-field-id=\"zy3cCWow8p-11\"><label class=\"evf-field-label\" for=\"evf-869-field_zy3cCWow8p-11\"><span class=\"evf-label\">Rapporteur<\/span> <abbr class=\"required\" title=\"N\u00e9cessaire\">*<\/abbr><\/label><input type=\"text\" id=\"evf-869-field_zy3cCWow8p-11\" class=\"input-text\" name=\"everest_forms[form_fields][zy3cCWow8p-11]\" required><\/div><\/div><\/div><div class=\"evf-frontend-row\" data-row=\"row_6\" conditional_rules=\"[]\"><div class=\"evf-frontend-grid evf-grid-1\" data-grid=\"grid_1\"><div id=\"evf-869-field_8YAh6nWR3r-13-container\" class=\"evf-field evf-field-text form-row validate-required\" data-required-field-message=\"Ce champ est n\u00e9cessaire.\" data-field-id=\"8YAh6nWR3r-13\"><label class=\"evf-field-label\" for=\"evf-869-field_8YAh6nWR3r-13\"><span class=\"evf-label\">TITRE<\/span> <abbr class=\"required\" title=\"N\u00e9cessaire\">*<\/abbr><\/label><input type=\"text\" id=\"evf-869-field_8YAh6nWR3r-13\" class=\"input-text\" name=\"everest_forms[form_fields][8YAh6nWR3r-13]\" required><\/div><\/div><\/div><div class=\"evf-frontend-row\" data-row=\"row_7\" conditional_rules=\"[]\"><div class=\"evf-frontend-grid evf-grid-1\" data-grid=\"grid_1\"><div id=\"evf-869-field_iic5phTZPC-17-container\" class=\"evf-field evf-field-checkbox form-row everest-forms-list-inline\" data-field-id=\"iic5phTZPC-17\"><label class=\"evf-field-label\" for=\"evf-869-field_iic5phTZPC-17\"><span class=\"evf-label\">MOTS-CLES<\/span> <\/label><ul id=\"evf-869-field_iic5phTZPC-17\"><li class=\"choice-1 depth-1\"><input type=\"checkbox\" id=\"evf-869-field_iic5phTZPC-17_1\" class=\"input-text\" name=\"everest_forms[form_fields][iic5phTZPC-17][]\" value=\"Epid\u00e9miologie\"  ><label class=\"everest-forms-field-label-inline\" for=\"evf-869-field_iic5phTZPC-17_1\">Epid\u00e9miologie<\/label><\/li><li class=\"choice-2 depth-1\"><input type=\"checkbox\" id=\"evf-869-field_iic5phTZPC-17_2\" class=\"input-text\" name=\"everest_forms[form_fields][iic5phTZPC-17][]\" value=\"Facteur de risque\"  ><label class=\"everest-forms-field-label-inline\" for=\"evf-869-field_iic5phTZPC-17_2\">Facteur de risque<\/label><\/li><li class=\"choice-3 depth-1\"><input type=\"checkbox\" id=\"evf-869-field_iic5phTZPC-17_3\" class=\"input-text\" name=\"everest_forms[form_fields][iic5phTZPC-17][]\" value=\"Mortalit\u00e9\"  ><label class=\"everest-forms-field-label-inline\" for=\"evf-869-field_iic5phTZPC-17_3\">Mortalit\u00e9<\/label><\/li><li class=\"choice-4 depth-1\"><input type=\"checkbox\" id=\"evf-869-field_iic5phTZPC-17_4\" class=\"input-text\" name=\"everest_forms[form_fields][iic5phTZPC-17][]\" value=\"Complications\"  ><label class=\"everest-forms-field-label-inline\" for=\"evf-869-field_iic5phTZPC-17_4\">Complications<\/label><\/li><li class=\"choice-5 depth-1\"><input type=\"checkbox\" id=\"evf-869-field_iic5phTZPC-17_5\" class=\"input-text\" name=\"everest_forms[form_fields][iic5phTZPC-17][]\" value=\"Anatomie\"  ><label class=\"everest-forms-field-label-inline\" for=\"evf-869-field_iic5phTZPC-17_5\">Anatomie<\/label><\/li><li class=\"choice-6 depth-1\"><input type=\"checkbox\" id=\"evf-869-field_iic5phTZPC-17_6\" class=\"input-text\" name=\"everest_forms[form_fields][iic5phTZPC-17][]\" value=\"Traitement\"  ><label class=\"everest-forms-field-label-inline\" for=\"evf-869-field_iic5phTZPC-17_6\">Traitement<\/label><\/li><li class=\"choice-7 depth-1\"><input type=\"checkbox\" id=\"evf-869-field_iic5phTZPC-17_7\" class=\"input-text\" name=\"everest_forms[form_fields][iic5phTZPC-17][]\" value=\"Clinique\"  ><label class=\"everest-forms-field-label-inline\" for=\"evf-869-field_iic5phTZPC-17_7\">Clinique<\/label><\/li><li class=\"choice-8 depth-1\"><input type=\"checkbox\" id=\"evf-869-field_iic5phTZPC-17_8\" class=\"input-text\" name=\"everest_forms[form_fields][iic5phTZPC-17][]\" value=\"Pr\u00e9vention\"  ><label class=\"everest-forms-field-label-inline\" for=\"evf-869-field_iic5phTZPC-17_8\">Pr\u00e9vention<\/label><\/li><li class=\"choice-9 depth-1\"><input type=\"checkbox\" id=\"evf-869-field_iic5phTZPC-17_9\" class=\"input-text\" name=\"everest_forms[form_fields][iic5phTZPC-17][]\" value=\"Autre\"  ><label class=\"everest-forms-field-label-inline\" for=\"evf-869-field_iic5phTZPC-17_9\">Autre<\/label><\/li><\/ul><\/div><div id=\"evf-869-field_qy2ZvElVmd-18-container\" class=\"evf-field evf-field-text form-row\" data-field-id=\"qy2ZvElVmd-18\"><label class=\"evf-field-label\" for=\"evf-869-field_qy2ZvElVmd-18\"><span class=\"evf-label\">Autres mots-cl\u00e9 (s\u00e9par\u00e9s par une virgule)<\/span> <\/label><input type=\"text\" id=\"evf-869-field_qy2ZvElVmd-18\" class=\"input-text\" name=\"everest_forms[form_fields][qy2ZvElVmd-18]\" ><\/div><\/div><\/div><\/div><div class=\"evf-honeypot-container evf-field-hp\"><label for=\"evf-869-field-hp\" class=\"evf-field-label\">Comment<\/label><input type=\"text\" name=\"everest_forms[hp]\" id=\"evf-869-field-hp\" class=\"input-text\"><\/div><div class=\"evf-submit-container \" ><input type=\"hidden\" name=\"everest_forms[id]\" value=\"869\"><input type=\"hidden\" name=\"everest_forms[author]\" value=\"1\"><button type='submit' name='everest_forms[submit]' class='everest-forms-submit-button button evf-submit ' id='evf-submit-869' value='evf-submit' data-process-text=\"En traitement\u2026\" conditional_rules='&quot;&quot;' conditional_id='evf-submit-869'  id=\"evf-submit-869\" aria-live=\"assertive\">Valider<\/button><\/div><\/form><\/div><!-- .evf-container --><\/div>\n\n\n","protected":false},"excerpt":{"rendered":"","protected":false},"author":1,"featured_media":0,"parent":0,"menu_order":0,"comment_status":"closed","ping_status":"closed","template":"","meta":{"pagelayer_contact_templates":[],"_pagelayer_content":"","footnotes":""},"class_list":["post-871","page","type-page","status-publish","hentry"],"_links":{"self":[{"href":"https:\/\/www.larticlab.mg\/web\/wp-json\/wp\/v2\/pages\/871","targetHints":{"allow":["GET"]}}],"collection":[{"href":"https:\/\/www.larticlab.mg\/web\/wp-json\/wp\/v2\/pages"}],"about":[{"href":"https:\/\/www.larticlab.mg\/web\/wp-json\/wp\/v2\/types\/page"}],"author":[{"embeddable":true,"href":"https:\/\/www.larticlab.mg\/web\/wp-json\/wp\/v2\/users\/1"}],"replies":[{"embeddable":true,"href":"https:\/\/www.larticlab.mg\/web\/wp-json\/wp\/v2\/comments?post=871"}],"version-history":[{"count":7,"href":"https:\/\/www.larticlab.mg\/web\/wp-json\/wp\/v2\/pages\/871\/revisions"}],"predecessor-version":[{"id":880,"href":"https:\/\/www.larticlab.mg\/web\/wp-json\/wp\/v2\/pages\/871\/revisions\/880"}],"wp:attachment":[{"href":"https:\/\/www.larticlab.mg\/web\/wp-json\/wp\/v2\/media?parent=871"}],"curies":[{"name":"wp","href":"https:\/\/api.w.org\/{rel}","templated":true}]}}