{"id":881,"date":"2023-01-13T09:50:25","date_gmt":"2023-01-13T09:50:25","guid":{"rendered":"https:\/\/www.larticlab.mg\/web\/?page_id=881"},"modified":"2023-01-13T10:04:02","modified_gmt":"2023-01-13T10:04:02","slug":"assistance-technique","status":"publish","type":"page","link":"https:\/\/www.larticlab.mg\/web\/assistance-technique\/","title":{"rendered":"Assistance Technique"},"content":{"rendered":"\n\n\n<p>LARTIC offre un Service d&rsquo;Assistance Technique (AT) pour l&rsquo;organisation d&rsquo;un \u00e9v\u00e8nement scientifique (Congr\u00e8s, S\u00e9minaire, Ateliers, etc&#8230;) Notre offre int\u00e8gre une solution num\u00e9rique d&rsquo;inscription \u00e0 la manifestation, gestion de base de donn\u00e9es des participants, conception des affiches et insertions publicitaires, conception des badges et Attestations avec code QR et contenu personnalis\u00e9 de la manifestation scientifique.<\/p>\n<p>Pour d\u00e9poser votre demande d&rsquo;assistance technique, veuillez remplir le formulaire ci-dessous. L&rsquo;\u00e9quipe de LARTIC vous contactera par la suite pour les d\u00e9marches administratives.<\/p>\n<p><br><\/p>\n<p><div class=\"everest-forms\"><div class=\"evf-container default\" id=\"evf-886\"><form id=\"evf-form-886\" class=\"everest-form\" data-formid=\"886\" data-ajax_submission=\"0\" data-keyboard_friendly_form=\"0\" data-form_state_type=\"\" method=\"post\" enctype=\"multipart\/form-data\" action=\"\/web\/wp-json\/wp\/v2\/pages\/881\"><div class=\"evf-field-container\"><input type=\"hidden\" id=\"_wpnonce886\" name=\"_wpnonce886\" value=\"ff3d48d792\" \/><input type=\"hidden\" name=\"_wp_http_referer\" value=\"\/web\/wp-json\/wp\/v2\/pages\/881\" \/><div class=\"evf-frontend-row\" data-row=\"row_1\" conditional_rules=\"[]\"><div class=\"evf-frontend-grid evf-grid-1\" data-grid=\"grid_1\"><div id=\"evf-886-field_xt0RBpcEHz-1-container\" class=\"evf-field evf-field-last-name form-row validate-required\" data-required-field-message=\"Ce champ est n\u00e9cessaire.\" data-field-id=\"xt0RBpcEHz-1\"><label class=\"evf-field-label\" for=\"evf-886-field_xt0RBpcEHz-1\"><span class=\"evf-label\">Nom de votre Organisation<\/span> <abbr class=\"required\" title=\"N\u00e9cessaire\">*<\/abbr><\/label><input type=\"text\" id=\"evf-886-field_xt0RBpcEHz-1\" class=\"input-text\" name=\"everest_forms[form_fields][xt0RBpcEHz-1]\" required><\/div><\/div><\/div><div class=\"evf-frontend-row\" data-row=\"row_6\" conditional_rules=\"[]\"><div class=\"evf-frontend-grid evf-grid-1\" data-grid=\"grid_1\"><div id=\"evf-886-field_BPp0Cr0zeS-7-container\" class=\"evf-field evf-field-checkbox form-row everest-forms-list-inline validate-required\" data-required-field-message=\"Ce champ est n\u00e9cessaire.\" data-field-id=\"BPp0Cr0zeS-7\"><label class=\"evf-field-label\" for=\"evf-886-field_BPp0Cr0zeS-7\"><span class=\"evf-label\">Secteur<\/span> <abbr class=\"required\" title=\"N\u00e9cessaire\">*<\/abbr><\/label><ul id=\"evf-886-field_BPp0Cr0zeS-7\" class=\" evf-field-required\"><li class=\"choice-1 depth-1\"><input type=\"checkbox\" id=\"evf-886-field_BPp0Cr0zeS-7_1\" class=\"input-text\" name=\"everest_forms[form_fields][BPp0Cr0zeS-7][]\" value=\"Public\" required ><label class=\"everest-forms-field-label-inline\" for=\"evf-886-field_BPp0Cr0zeS-7_1\">Public<\/label><\/li><li class=\"choice-2 depth-1\"><input type=\"checkbox\" id=\"evf-886-field_BPp0Cr0zeS-7_2\" class=\"input-text\" name=\"everest_forms[form_fields][BPp0Cr0zeS-7][]\" value=\"Priv\u00e9\" required ><label class=\"everest-forms-field-label-inline\" for=\"evf-886-field_BPp0Cr0zeS-7_2\">Priv\u00e9<\/label><\/li><\/ul><\/div><\/div><\/div><div class=\"evf-frontend-row\" data-row=\"row_2\" conditional_rules=\"[]\"><div class=\"evf-frontend-grid evf-grid-1\" data-grid=\"grid_1\"><div id=\"evf-886-field_NuxXdUUiKj-2-container\" class=\"evf-field evf-field-last-name form-row validate-required\" data-required-field-message=\"Ce champ est n\u00e9cessaire.\" data-field-id=\"NuxXdUUiKj-2\"><label class=\"evf-field-label\" for=\"evf-886-field_NuxXdUUiKj-2\"><span class=\"evf-label\">Nom de la personne de contact<\/span> <abbr class=\"required\" title=\"N\u00e9cessaire\">*<\/abbr><\/label><input type=\"text\" id=\"evf-886-field_NuxXdUUiKj-2\" class=\"input-text\" name=\"everest_forms[form_fields][NuxXdUUiKj-2]\" required><\/div><\/div><\/div><div class=\"evf-frontend-row\" data-row=\"row_3\" conditional_rules=\"[]\"><div class=\"evf-frontend-grid evf-grid-2\" data-grid=\"grid_1\"><div id=\"evf-886-field_Mfw2LlKAqP-3-container\" class=\"evf-field evf-field-number form-row validate-required\" data-required-field-message=\"Veuillez saisir un nombre valide.\" data-field-id=\"Mfw2LlKAqP-3\"><label class=\"evf-field-label\" for=\"evf-886-field_Mfw2LlKAqP-3\"><span class=\"evf-label\">T\u00e9l\u00e9phone<\/span> <abbr class=\"required\" title=\"N\u00e9cessaire\">*<\/abbr><\/label><input type=\"number\" id=\"evf-886-field_Mfw2LlKAqP-3\" class=\"input-text\" name=\"everest_forms[form_fields][Mfw2LlKAqP-3]\" required\/><\/div><\/div><div class=\"evf-frontend-grid evf-grid-2\" data-grid=\"grid_2\"><div id=\"evf-886-field_QFwwWLrJKk-4-container\" class=\"evf-field evf-field-email form-row validate-required validate-email\" data-required-field-message=\"Veuillez entrer une adresse e-mail valide.\" data-field-id=\"QFwwWLrJKk-4\"><label class=\"evf-field-label\" for=\"evf-886-field_QFwwWLrJKk-4\"><span class=\"evf-label\">E-mail<\/span> <abbr class=\"required\" title=\"N\u00e9cessaire\">*<\/abbr><\/label><input type=\"email\" id=\"evf-886-field_QFwwWLrJKk-4\" class=\"input-text\" name=\"everest_forms[form_fields][QFwwWLrJKk-4]\" required ><\/div><\/div><\/div><div class=\"evf-frontend-row\" data-row=\"row_4\" conditional_rules=\"[]\"><div class=\"evf-frontend-grid evf-grid-1\" data-grid=\"grid_1\"><div id=\"evf-886-field_qnpfE0wlTN-5-container\" class=\"evf-field evf-field-select form-row validate-required\" data-required-field-message=\"Ce champ est n\u00e9cessaire.\" data-field-id=\"qnpfE0wlTN-5\"><label class=\"evf-field-label\" for=\"evf-886-field_qnpfE0wlTN-5\"><span class=\"evf-label\">Choix du Service Pack<\/span> <abbr class=\"required\" title=\"N\u00e9cessaire\">*<\/abbr><\/label><select id=\"evf-886-field_qnpfE0wlTN-5\" class=\"input-text evf-field-required\" name=\"everest_forms[form_fields][qnpfE0wlTN-5]\" required=\"required\" ><option value=\"Pack 1: Inscription en ligne, badge, attestation\" >Pack 1: Inscription en ligne, badge, attestation<\/option><option value=\"Pack 2: Pack 1 + Affiche A3 + Banderole 3m X1m\" >Pack 2: Pack 1 + Affiche A3 + Banderole 3m X1m<\/option><option value=\"Pack 3: Pack 2 + organisation multim\u00e9dia (sans enregistrement)\" >Pack 3: Pack 2 + organisation multim\u00e9dia (sans enregistrement)<\/option><option value=\"Pack 4: Pack 3 + organisation multim\u00e9dia (avec enregistrement)\" >Pack 4: Pack 3 + organisation multim\u00e9dia (avec enregistrement)<\/option><\/select><\/div><\/div><\/div><div class=\"evf-frontend-row\" data-row=\"row_5\" conditional_rules=\"[]\"><div class=\"evf-frontend-grid evf-grid-1\" data-grid=\"grid_1\"><div id=\"evf-886-field_fU2jylqxxz-6-container\" class=\"evf-field evf-field-text form-row\" data-field-id=\"fU2jylqxxz-6\"><label class=\"evf-field-label\" for=\"evf-886-field_fU2jylqxxz-6\"><span class=\"evf-label\">Pack personnalis\u00e9 (service personnalis\u00e9 \u00e0 formuler)<\/span> <\/label><input type=\"text\" id=\"evf-886-field_fU2jylqxxz-6\" class=\"input-text\" name=\"everest_forms[form_fields][fU2jylqxxz-6]\" ><\/div><\/div><\/div><\/div><div class=\"evf-honeypot-container evf-field-hp\"><label for=\"evf-886-field-hp\" class=\"evf-field-label\">Message<\/label><input type=\"text\" name=\"everest_forms[hp]\" id=\"evf-886-field-hp\" class=\"input-text\"><\/div><div class=\"evf-submit-container \" ><input type=\"hidden\" name=\"everest_forms[id]\" value=\"886\"><input type=\"hidden\" name=\"everest_forms[author]\" value=\"1\"><button type='submit' name='everest_forms[submit]' class='everest-forms-submit-button button evf-submit ' id='evf-submit-886' value='evf-submit' data-process-text=\"En traitement\u2026\" conditional_rules='&quot;&quot;' conditional_id='evf-submit-886'  id=\"evf-submit-886\" aria-live=\"assertive\">Valider<\/button><\/div><\/form><\/div><!-- .evf-container --><\/div><br><\/p>\n\n\n","protected":false},"excerpt":{"rendered":"","protected":false},"author":1,"featured_media":0,"parent":0,"menu_order":0,"comment_status":"closed","ping_status":"closed","template":"","meta":{"pagelayer_contact_templates":[],"_pagelayer_content":"","footnotes":""},"class_list":["post-881","page","type-page","status-publish","hentry"],"_links":{"self":[{"href":"https:\/\/www.larticlab.mg\/web\/wp-json\/wp\/v2\/pages\/881","targetHints":{"allow":["GET"]}}],"collection":[{"href":"https:\/\/www.larticlab.mg\/web\/wp-json\/wp\/v2\/pages"}],"about":[{"href":"https:\/\/www.larticlab.mg\/web\/wp-json\/wp\/v2\/types\/page"}],"author":[{"embeddable":true,"href":"https:\/\/www.larticlab.mg\/web\/wp-json\/wp\/v2\/users\/1"}],"replies":[{"embeddable":true,"href":"https:\/\/www.larticlab.mg\/web\/wp-json\/wp\/v2\/comments?post=881"}],"version-history":[{"count":6,"href":"https:\/\/www.larticlab.mg\/web\/wp-json\/wp\/v2\/pages\/881\/revisions"}],"predecessor-version":[{"id":889,"href":"https:\/\/www.larticlab.mg\/web\/wp-json\/wp\/v2\/pages\/881\/revisions\/889"}],"wp:attachment":[{"href":"https:\/\/www.larticlab.mg\/web\/wp-json\/wp\/v2\/media?parent=881"}],"curies":[{"name":"wp","href":"https:\/\/api.w.org\/{rel}","templated":true}]}}